{"id":7948,"date":"2025-04-07T15:16:29","date_gmt":"2025-04-07T13:16:29","guid":{"rendered":"https:\/\/edu4industry.com\/?page_id=7948"},"modified":"2025-08-24T22:23:46","modified_gmt":"2025-08-24T20:23:46","slug":"motion-capture","status":"publish","type":"page","link":"https:\/\/edu4industry.com\/en\/robotics\/motion-capture\/","title":{"rendered":"Motion capture"},"content":{"rendered":"<div id=\"pl-7948\"  class=\"panel-layout\" ><div id=\"pg-7948-0\"  class=\"panel-grid panel-has-style\" ><div id=\"product-section\" class=\"panel-row-style panel-row-style-for-7948-0\" ><div id=\"pgc-7948-0-0\"  class=\"panel-grid-cell\" ><div id=\"panel-7948-0-0-0\" class=\"widget_text so-panel widget widget_custom_html panel-first-child panel-last-child\" data-index=\"0\" ><div class=\"widget_text product-section panel-widget-style panel-widget-style-for-7948-0-0-0\" ><div class=\"textwidget custom-html-widget\">            <div class=\"products-listing grid\">\n                                    <div class=\"item\">\n                        <div class=\"img\">\n                            <a href=\"https:\/\/edu4industry.com\/en\/produkt\/naturalpoint-optitrack-prime\/\"><img decoding=\"async\" src=\"https:\/\/edu4industry.com\/wp-content\/uploads\/2023\/06\/Primex.png\" alt=\"NaturalPoint OptiTrack Prime\"\/><\/a>\n                        <\/div>\n                        <h3>\n                            <a href=\"https:\/\/edu4industry.com\/en\/produkt\/naturalpoint-optitrack-prime\/\">NaturalPoint OptiTrack Prime<\/a>\n                        <\/h3>\n                        <a href=\"https:\/\/edu4industry.com\/en\/produkt\/naturalpoint-optitrack-prime\/\" class=\"readmore\">Details<\/a>\n                    <\/div>\n                                    <div class=\"item\">\n                        <div class=\"img\">\n                            <a href=\"https:\/\/edu4industry.com\/en\/produkt\/naturalpoint-optitrack-v120\/\"><img decoding=\"async\" src=\"https:\/\/edu4industry.com\/wp-content\/uploads\/2023\/06\/V120.png\" alt=\"NaturalPoint OptiTrack V120\"\/><\/a>\n                        <\/div>\n                        <h3>\n                            <a href=\"https:\/\/edu4industry.com\/en\/produkt\/naturalpoint-optitrack-v120\/\">NaturalPoint OptiTrack V120<\/a>\n                        <\/h3>\n                        <a href=\"https:\/\/edu4industry.com\/en\/produkt\/naturalpoint-optitrack-v120\/\" class=\"readmore\">Details<\/a>\n                    <\/div>\n                                    <div class=\"item\">\n                        <div class=\"img\">\n                            <a href=\"https:\/\/edu4industry.com\/en\/produkt\/optitrack-prime\/\"><img decoding=\"async\" src=\"https:\/\/edu4industry.com\/wp-content\/uploads\/2023\/06\/Primex-1.png\" alt=\"NaturalPoint OptiTrack Prime\"\/><\/a>\n                        <\/div>\n                        <h3>\n                            <a href=\"https:\/\/edu4industry.com\/en\/produkt\/optitrack-prime\/\">NaturalPoint OptiTrack Prime<\/a>\n                        <\/h3>\n                        <a href=\"https:\/\/edu4industry.com\/en\/produkt\/optitrack-prime\/\" class=\"readmore\">Details<\/a>\n                    <\/div>\n                                    <div class=\"item\">\n                        <div class=\"img\">\n                            <a href=\"https:\/\/edu4industry.com\/en\/produkt\/optitrack-flex\/\"><img decoding=\"async\" src=\"https:\/\/edu4industry.com\/wp-content\/uploads\/2023\/06\/OptiTrack-Flex.png\" alt=\"NaturalPoint OptiTrack Flex\"\/><\/a>\n                        <\/div>\n                        <h3>\n                            <a href=\"https:\/\/edu4industry.com\/en\/produkt\/optitrack-flex\/\">NaturalPoint OptiTrack Flex<\/a>\n                        <\/h3>\n                        <a href=\"https:\/\/edu4industry.com\/en\/produkt\/optitrack-flex\/\" class=\"readmore\">Details<\/a>\n                    <\/div>\n                            <\/div>\n        \n<a href=\"#pokaz-wiecej\" id=\"show-more-product\" class=\"btn black\">show more<\/a><\/div><\/div><\/div><\/div><\/div><\/div><div id=\"pg-7948-1\"  class=\"panel-grid panel-no-style\" ><div id=\"pgc-7948-1-0\"  class=\"panel-grid-cell\" ><div id=\"panel-7948-1-0-0\" class=\"so-panel widget widget_sow-image panel-first-child panel-last-child\" data-index=\"1\" ><div\n\t\t\t\n\t\t\tclass=\"so-widget-sow-image so-widget-sow-image-default-8b5b6f678277-7948\"\n\t\t\t\n\t\t>\n<div class=\"sow-image-container\">\n\t\t<img \n\tsrc=\"https:\/\/edu4industry.com\/wp-content\/uploads\/2024\/08\/Grafiki-na-strone-SEO-2.png\" width=\"1000\" height=\"500\" srcset=\"https:\/\/edu4industry.com\/wp-content\/uploads\/2024\/08\/Grafiki-na-strone-SEO-2.png 1000w, https:\/\/edu4industry.com\/wp-content\/uploads\/2024\/08\/Grafiki-na-strone-SEO-2-300x150.png 300w, https:\/\/edu4industry.com\/wp-content\/uploads\/2024\/08\/Grafiki-na-strone-SEO-2-500x250.png 500w, https:\/\/edu4industry.com\/wp-content\/uploads\/2024\/08\/Grafiki-na-strone-SEO-2-768x384.png 768w\" sizes=\"(max-width: 1000px) 100vw, 1000px\" title=\"OptiTrack i Ouster\" alt=\"\" \t\tclass=\"so-widget-image\"\/>\n\t<\/div>\n\n<\/div><\/div><\/div><div id=\"pgc-7948-1-1\"  class=\"panel-grid-cell\" ><div id=\"panel-7948-1-1-0\" class=\"so-panel widget widget_sow-editor panel-first-child panel-last-child\" data-index=\"2\" ><div\n\t\t\t\n\t\t\tclass=\"so-widget-sow-editor so-widget-sow-editor-base\"\n\t\t\t\n\t\t>\n<div class=\"siteorigin-widget-tinymce textwidget\">\n\t<h2>Sensors and cameras<\/h2>\n<p>Gaining knowledge in the handling of sensors and cameras is invaluable in the era of digitalization, where precise and rapid processing of environmental data becomes the foundation of modern engineering.<\/p>\n<\/div>\n<\/div><\/div><\/div><\/div><\/div>","protected":false},"excerpt":{"rendered":"<p>Sensors and cameras Gaining knowledge in the handling of sensors and cameras is invaluable in the era of digitalization, where precise and rapid processing of environmental data becomes the foundation of modern engineering.<\/p>\n","protected":false},"author":8,"featured_media":7967,"parent":7387,"menu_order":3,"comment_status":"closed","ping_status":"closed","template":"content-offer.php","meta":{"_acf_changed":false,"footnotes":""},"class_list":["post-7948","page","type-page","status-publish","has-post-thumbnail","hentry"],"acf":[],"yoast_head":"<!-- This site is optimized with the Yoast SEO plugin v27.4 - https:\/\/yoast.com\/product\/yoast-seo-wordpress\/ -->\n<title>Motion capture | Edu4industry<\/title>\n<meta name=\"description\" content=\"Dedicated labs and equipment equipped with motion capture systems enable advanced research and experimentation, leading to a better understanding of the dynamics and kinematics of objects, such as autonomous vehicles.\" \/>\n<meta name=\"robots\" content=\"index, follow, max-snippet:-1, max-image-preview:large, max-video-preview:-1\" \/>\n<link rel=\"canonical\" href=\"https:\/\/edu4industry.com\/en\/robotics\/motion-capture\/\" \/>\n<meta property=\"og:locale\" content=\"en_US\" \/>\n<meta property=\"og:type\" content=\"article\" \/>\n<meta property=\"og:title\" content=\"Motion capture | Edu4industry\" \/>\n<meta property=\"og:description\" content=\"Dedicated labs and equipment equipped with motion capture systems enable advanced research and experimentation, leading to a better understanding of the dynamics and kinematics of objects, such as autonomous vehicles.\" \/>\n<meta property=\"og:url\" content=\"https:\/\/edu4industry.com\/en\/robotics\/motion-capture\/\" \/>\n<meta property=\"og:site_name\" content=\"Edu4industry\" \/>\n<meta property=\"article:modified_time\" content=\"2025-08-24T20:23:46+00:00\" \/>\n<meta property=\"og:image\" content=\"https:\/\/edu4industry.com\/wp-content\/uploads\/2024\/09\/optitrack-1.webp\" \/>\n\t<meta property=\"og:image:width\" content=\"600\" \/>\n\t<meta property=\"og:image:height\" content=\"450\" \/>\n\t<meta property=\"og:image:type\" content=\"image\/webp\" \/>\n<meta name=\"twitter:card\" content=\"summary_large_image\" \/>\n<meta name=\"twitter:label1\" content=\"Est. reading time\" \/>\n\t<meta name=\"twitter:data1\" content=\"1 minute\" \/>\n<!-- \/ Yoast SEO plugin. -->","yoast_head_json":{"title":"Motion capture | Edu4industry","description":"Dedicated labs and equipment equipped with motion capture systems enable advanced research and experimentation, leading to a better understanding of the dynamics and kinematics of objects, such as autonomous vehicles.","robots":{"index":"index","follow":"follow","max-snippet":"max-snippet:-1","max-image-preview":"max-image-preview:large","max-video-preview":"max-video-preview:-1"},"canonical":"https:\/\/edu4industry.com\/en\/robotics\/motion-capture\/","og_locale":"en_US","og_type":"article","og_title":"Motion capture | Edu4industry","og_description":"Dedicated labs and equipment equipped with motion capture systems enable advanced research and experimentation, leading to a better understanding of the dynamics and kinematics of objects, such as autonomous vehicles.","og_url":"https:\/\/edu4industry.com\/en\/robotics\/motion-capture\/","og_site_name":"Edu4industry","article_modified_time":"2025-08-24T20:23:46+00:00","og_image":[{"width":600,"height":450,"url":"https:\/\/edu4industry.com\/wp-content\/uploads\/2024\/09\/optitrack-1.webp","type":"image\/webp"}],"twitter_card":"summary_large_image","twitter_misc":{"Est. reading time":"1 minute"},"schema":{"@context":"https:\/\/schema.org","@graph":[{"@type":"WebPage","@id":"https:\/\/edu4industry.com\/en\/robotics\/motion-capture\/","url":"https:\/\/edu4industry.com\/en\/robotics\/motion-capture\/","name":"Motion capture | Edu4industry","isPartOf":{"@id":"https:\/\/edu4industry.com\/en\/#website"},"primaryImageOfPage":{"@id":"https:\/\/edu4industry.com\/en\/robotics\/motion-capture\/#primaryimage"},"image":{"@id":"https:\/\/edu4industry.com\/en\/robotics\/motion-capture\/#primaryimage"},"thumbnailUrl":"https:\/\/edu4industry.com\/wp-content\/uploads\/2024\/09\/optitrack-1.webp","datePublished":"2025-04-07T13:16:29+00:00","dateModified":"2025-08-24T20:23:46+00:00","description":"Dedicated labs and equipment equipped with motion capture systems enable advanced research and experimentation, leading to a better understanding of the dynamics and kinematics of objects, such as autonomous vehicles.","breadcrumb":{"@id":"https:\/\/edu4industry.com\/en\/robotics\/motion-capture\/#breadcrumb"},"inLanguage":"en-US","potentialAction":[{"@type":"ReadAction","target":["https:\/\/edu4industry.com\/en\/robotics\/motion-capture\/"]}]},{"@type":"ImageObject","inLanguage":"en-US","@id":"https:\/\/edu4industry.com\/en\/robotics\/motion-capture\/#primaryimage","url":"https:\/\/edu4industry.com\/wp-content\/uploads\/2024\/09\/optitrack-1.webp","contentUrl":"https:\/\/edu4industry.com\/wp-content\/uploads\/2024\/09\/optitrack-1.webp","width":600,"height":450},{"@type":"BreadcrumbList","@id":"https:\/\/edu4industry.com\/en\/robotics\/motion-capture\/#breadcrumb","itemListElement":[{"@type":"ListItem","position":1,"name":"Home","item":"https:\/\/edu4industry.com\/en\/strona-glowna\/"},{"@type":"ListItem","position":2,"name":"Robotics","item":"https:\/\/edu4industry.com\/en\/robotics\/"},{"@type":"ListItem","position":3,"name":"Motion capture"}]},{"@type":"WebSite","@id":"https:\/\/edu4industry.com\/en\/#website","url":"https:\/\/edu4industry.com\/en\/","name":"Edu4Industry","description":"Rozwi\u0105zania z zakresu robotyki i automatyki do szk\u00f3\u0142 i na uczelnie","potentialAction":[{"@type":"SearchAction","target":{"@type":"EntryPoint","urlTemplate":"https:\/\/edu4industry.com\/en\/?s={search_term_string}"},"query-input":{"@type":"PropertyValueSpecification","valueRequired":true,"valueName":"search_term_string"}}],"inLanguage":"en-US"}]}},"_links":{"self":[{"href":"https:\/\/edu4industry.com\/en\/wp-json\/wp\/v2\/pages\/7948","targetHints":{"allow":["GET"]}}],"collection":[{"href":"https:\/\/edu4industry.com\/en\/wp-json\/wp\/v2\/pages"}],"about":[{"href":"https:\/\/edu4industry.com\/en\/wp-json\/wp\/v2\/types\/page"}],"author":[{"embeddable":true,"href":"https:\/\/edu4industry.com\/en\/wp-json\/wp\/v2\/users\/8"}],"replies":[{"embeddable":true,"href":"https:\/\/edu4industry.com\/en\/wp-json\/wp\/v2\/comments?post=7948"}],"version-history":[{"count":9,"href":"https:\/\/edu4industry.com\/en\/wp-json\/wp\/v2\/pages\/7948\/revisions"}],"predecessor-version":[{"id":9596,"href":"https:\/\/edu4industry.com\/en\/wp-json\/wp\/v2\/pages\/7948\/revisions\/9596"}],"up":[{"embeddable":true,"href":"https:\/\/edu4industry.com\/en\/wp-json\/wp\/v2\/pages\/7387"}],"wp:featuredmedia":[{"embeddable":true,"href":"https:\/\/edu4industry.com\/en\/wp-json\/wp\/v2\/media\/7967"}],"wp:attachment":[{"href":"https:\/\/edu4industry.com\/en\/wp-json\/wp\/v2\/media?parent=7948"}],"curies":[{"name":"wp","href":"https:\/\/api.w.org\/{rel}","templated":true}]}}