{"id":7394,"date":"2024-06-24T08:07:25","date_gmt":"2024-06-24T06:07:25","guid":{"rendered":"https:\/\/edu4.codeincode.pl\/?page_id=7394"},"modified":"2025-08-24T22:23:46","modified_gmt":"2025-08-24T20:23:46","slug":"motors-and-controllers","status":"publish","type":"page","link":"https:\/\/edu4industry.com\/en\/robotics\/motors-and-controllers\/","title":{"rendered":"Motors and controllers"},"content":{"rendered":"<div id=\"pl-7394\"  class=\"panel-layout\" ><div id=\"pg-7394-0\"  class=\"panel-grid panel-has-style\" ><div id=\"product-section\" class=\"panel-row-style panel-row-style-for-7394-0\" ><div id=\"pgc-7394-0-0\"  class=\"panel-grid-cell\" ><div id=\"panel-7394-0-0-0\" class=\"widget_text so-panel widget widget_custom_html panel-first-child panel-last-child\" data-index=\"0\" ><div class=\"widget_text product-section panel-widget-style panel-widget-style-for-7394-0-0-0\" ><div class=\"textwidget custom-html-widget\">            <div class=\"products-listing grid\">\n                                    <div class=\"item\">\n                        <div class=\"img\">\n                            <a href=\"https:\/\/edu4industry.com\/en\/produkt\/syncbotic-robot-controller-2\/\"><img decoding=\"async\" src=\"https:\/\/edu4industry.com\/wp-content\/uploads\/2023\/09\/MD80-2.png\" alt=\"SyncBotic Robot Controller\"\/><\/a>\n                        <\/div>\n                        <h3>\n                            <a href=\"https:\/\/edu4industry.com\/en\/produkt\/syncbotic-robot-controller-2\/\">SyncBotic Robot Controller<\/a>\n                        <\/h3>\n                        <a href=\"https:\/\/edu4industry.com\/en\/produkt\/syncbotic-robot-controller-2\/\" class=\"readmore\">Details<\/a>\n                    <\/div>\n                                    <div class=\"item\">\n                        <div class=\"img\">\n                            <a href=\"https:\/\/edu4industry.com\/en\/produkt\/syncbotic-robot-controller\/\"><img decoding=\"async\" src=\"https:\/\/edu4industry.com\/wp-content\/uploads\/2022\/10\/Syncbot.jpg\" alt=\"SyncBotic Robot Controller\"\/><\/a>\n                        <\/div>\n                        <h3>\n                            <a href=\"https:\/\/edu4industry.com\/en\/produkt\/syncbotic-robot-controller\/\">SyncBotic Robot Controller<\/a>\n                        <\/h3>\n                        <a href=\"https:\/\/edu4industry.com\/en\/produkt\/syncbotic-robot-controller\/\" class=\"readmore\">Details<\/a>\n                    <\/div>\n                                    <div class=\"item\">\n                        <div class=\"img\">\n                            <a href=\"https:\/\/edu4industry.com\/en\/produkt\/robotis-dynamixel\/\"><img decoding=\"async\" src=\"https:\/\/edu4industry.com\/wp-content\/uploads\/2022\/09\/w_dxl_5_220415v3.jpg\" alt=\"ROBOTIS DYNAMIXEL\"\/><\/a>\n                        <\/div>\n                        <h3>\n                            <a href=\"https:\/\/edu4industry.com\/en\/produkt\/robotis-dynamixel\/\">ROBOTIS DYNAMIXEL<\/a>\n                        <\/h3>\n                        <a href=\"https:\/\/edu4industry.com\/en\/produkt\/robotis-dynamixel\/\" class=\"readmore\">Details<\/a>\n                    <\/div>\n                                    <div class=\"item\">\n                        <div class=\"img\">\n                            <a href=\"https:\/\/edu4industry.com\/en\/produkt\/dynamixel-drive-dyd\/\"><img decoding=\"async\" src=\"https:\/\/edu4industry.com\/wp-content\/uploads\/2022\/09\/Robotis-DYD.png\" alt=\"ROBOTIS DYNAMIXEL DRIVE (DYD)\"\/><\/a>\n                        <\/div>\n                        <h3>\n                            <a href=\"https:\/\/edu4industry.com\/en\/produkt\/dynamixel-drive-dyd\/\">ROBOTIS DYNAMIXEL DRIVE (DYD)<\/a>\n                        <\/h3>\n                        <a href=\"https:\/\/edu4industry.com\/en\/produkt\/dynamixel-drive-dyd\/\" class=\"readmore\">Details<\/a>\n                    <\/div>\n                                    <div class=\"item\">\n                        <div class=\"img\">\n                            <a href=\"https:\/\/edu4industry.com\/en\/produkt\/syncbotic-tsmc\/\"><img decoding=\"async\" src=\"https:\/\/edu4industry.com\/wp-content\/uploads\/2022\/10\/TSMC.jpg\" alt=\"SyncBotic Time Synchronization Module Card\"\/><\/a>\n                        <\/div>\n                        <h3>\n                            <a href=\"https:\/\/edu4industry.com\/en\/produkt\/syncbotic-tsmc\/\">SyncBotic Time Synchronization Module Card<\/a>\n                        <\/h3>\n                        <a href=\"https:\/\/edu4industry.com\/en\/produkt\/syncbotic-tsmc\/\" class=\"readmore\">Details<\/a>\n                    <\/div>\n                            <\/div>\n        \n<a href=\"#pokaz-wiecej\" id=\"show-more-product\" class=\"btn black\">show more<\/a><\/div><\/div><\/div><\/div><\/div><\/div><div id=\"pg-7394-1\"  class=\"panel-grid panel-no-style\" ><div id=\"pgc-7394-1-0\"  class=\"panel-grid-cell\" ><div id=\"panel-7394-1-0-0\" class=\"so-panel widget widget_sow-image panel-first-child panel-last-child\" data-index=\"1\" ><div\n\t\t\t\n\t\t\tclass=\"so-widget-sow-image so-widget-sow-image-default-8b5b6f678277-7394\"\n\t\t\t\n\t\t>\n<div class=\"sow-image-container\">\n\t\t<img \n\tsrc=\"https:\/\/edu4industry.com\/wp-content\/uploads\/2024\/08\/Grafiki-na-strone-SEO-11.png\" width=\"1000\" height=\"500\" srcset=\"https:\/\/edu4industry.com\/wp-content\/uploads\/2024\/08\/Grafiki-na-strone-SEO-11.png 1000w, https:\/\/edu4industry.com\/wp-content\/uploads\/2024\/08\/Grafiki-na-strone-SEO-11-300x150.png 300w, https:\/\/edu4industry.com\/wp-content\/uploads\/2024\/08\/Grafiki-na-strone-SEO-11-500x250.png 500w, https:\/\/edu4industry.com\/wp-content\/uploads\/2024\/08\/Grafiki-na-strone-SEO-11-768x384.png 768w\" sizes=\"(max-width: 1000px) 100vw, 1000px\" title=\"Kontrolery i silniki\" alt=\"\" \t\tclass=\"so-widget-image\"\/>\n\t<\/div>\n\n<\/div><\/div><\/div><div id=\"pgc-7394-1-1\"  class=\"panel-grid-cell\" ><div id=\"panel-7394-1-1-0\" class=\"so-panel widget widget_sow-editor panel-first-child panel-last-child\" data-index=\"2\" ><div\n\t\t\t\n\t\t\tclass=\"so-widget-sow-editor so-widget-sow-editor-base\"\n\t\t\t\n\t\t>\n<div class=\"siteorigin-widget-tinymce textwidget\">\n\t<h2>Motors and controlers<\/h2>\n<p>Our motors and controllers enable the design of robots that move smoothly and efficiently in diverse environments. Our offer is aimed at educators, researchers, and engineers who want to transform theory into practical, innovative solutions.<\/p>\n<\/div>\n<\/div><\/div><\/div><\/div><\/div>","protected":false},"excerpt":{"rendered":"<p>Motors and controlers Our motors and controllers enable the design of robots that move smoothly and efficiently in diverse environments. Our offer is aimed at educators, researchers, and engineers who want to transform theory into practical, innovative solutions.<\/p>\n","protected":false},"author":8,"featured_media":7317,"parent":7387,"menu_order":4,"comment_status":"closed","ping_status":"closed","template":"content-offer.php","meta":{"_acf_changed":false,"footnotes":""},"class_list":["post-7394","page","type-page","status-publish","has-post-thumbnail","hentry"],"acf":[],"yoast_head":"<!-- This site is optimized with the Yoast SEO plugin v27.4 - https:\/\/yoast.com\/product\/yoast-seo-wordpress\/ -->\n<title>Motors and controllers | Edu4industry<\/title>\n<meta name=\"description\" content=\"Our components provide the reliability and precision needed to build a robot on your own.\" \/>\n<meta name=\"robots\" content=\"index, follow, max-snippet:-1, max-image-preview:large, max-video-preview:-1\" \/>\n<link rel=\"canonical\" href=\"https:\/\/edu4industry.com\/en\/robotics\/motors-and-controllers\/\" \/>\n<meta property=\"og:locale\" content=\"en_US\" \/>\n<meta property=\"og:type\" content=\"article\" \/>\n<meta property=\"og:title\" content=\"Motors and controllers | Edu4industry\" \/>\n<meta property=\"og:description\" content=\"Our components provide the reliability and precision needed to build a robot on your own.\" \/>\n<meta property=\"og:url\" content=\"https:\/\/edu4industry.com\/en\/robotics\/motors-and-controllers\/\" \/>\n<meta property=\"og:site_name\" content=\"Edu4industry\" \/>\n<meta property=\"article:modified_time\" content=\"2025-08-24T20:23:46+00:00\" \/>\n<meta property=\"og:image\" content=\"https:\/\/edu4industry.com\/wp-content\/uploads\/2024\/06\/SyncBotic-NSync.webp\" \/>\n\t<meta property=\"og:image:width\" content=\"600\" \/>\n\t<meta property=\"og:image:height\" content=\"450\" \/>\n\t<meta property=\"og:image:type\" content=\"image\/webp\" \/>\n<meta name=\"twitter:card\" content=\"summary_large_image\" \/>\n<meta name=\"twitter:label1\" content=\"Est. reading time\" \/>\n\t<meta name=\"twitter:data1\" content=\"1 minute\" \/>\n<!-- \/ Yoast SEO plugin. -->","yoast_head_json":{"title":"Motors and controllers | Edu4industry","description":"Our components provide the reliability and precision needed to build a robot on your own.","robots":{"index":"index","follow":"follow","max-snippet":"max-snippet:-1","max-image-preview":"max-image-preview:large","max-video-preview":"max-video-preview:-1"},"canonical":"https:\/\/edu4industry.com\/en\/robotics\/motors-and-controllers\/","og_locale":"en_US","og_type":"article","og_title":"Motors and controllers | Edu4industry","og_description":"Our components provide the reliability and precision needed to build a robot on your own.","og_url":"https:\/\/edu4industry.com\/en\/robotics\/motors-and-controllers\/","og_site_name":"Edu4industry","article_modified_time":"2025-08-24T20:23:46+00:00","og_image":[{"width":600,"height":450,"url":"https:\/\/edu4industry.com\/wp-content\/uploads\/2024\/06\/SyncBotic-NSync.webp","type":"image\/webp"}],"twitter_card":"summary_large_image","twitter_misc":{"Est. reading time":"1 minute"},"schema":{"@context":"https:\/\/schema.org","@graph":[{"@type":"WebPage","@id":"https:\/\/edu4industry.com\/en\/robotics\/motors-and-controllers\/","url":"https:\/\/edu4industry.com\/en\/robotics\/motors-and-controllers\/","name":"Motors and controllers | Edu4industry","isPartOf":{"@id":"https:\/\/edu4industry.com\/en\/#website"},"primaryImageOfPage":{"@id":"https:\/\/edu4industry.com\/en\/robotics\/motors-and-controllers\/#primaryimage"},"image":{"@id":"https:\/\/edu4industry.com\/en\/robotics\/motors-and-controllers\/#primaryimage"},"thumbnailUrl":"https:\/\/edu4industry.com\/wp-content\/uploads\/2024\/06\/SyncBotic-NSync.webp","datePublished":"2024-06-24T06:07:25+00:00","dateModified":"2025-08-24T20:23:46+00:00","description":"Our components provide the reliability and precision needed to build a robot on your own.","breadcrumb":{"@id":"https:\/\/edu4industry.com\/en\/robotics\/motors-and-controllers\/#breadcrumb"},"inLanguage":"en-US","potentialAction":[{"@type":"ReadAction","target":["https:\/\/edu4industry.com\/en\/robotics\/motors-and-controllers\/"]}]},{"@type":"ImageObject","inLanguage":"en-US","@id":"https:\/\/edu4industry.com\/en\/robotics\/motors-and-controllers\/#primaryimage","url":"https:\/\/edu4industry.com\/wp-content\/uploads\/2024\/06\/SyncBotic-NSync.webp","contentUrl":"https:\/\/edu4industry.com\/wp-content\/uploads\/2024\/06\/SyncBotic-NSync.webp","width":600,"height":450},{"@type":"BreadcrumbList","@id":"https:\/\/edu4industry.com\/en\/robotics\/motors-and-controllers\/#breadcrumb","itemListElement":[{"@type":"ListItem","position":1,"name":"Home","item":"https:\/\/edu4industry.com\/en\/strona-glowna\/"},{"@type":"ListItem","position":2,"name":"Robotics","item":"https:\/\/edu4industry.com\/en\/robotics\/"},{"@type":"ListItem","position":3,"name":"Motors and controllers"}]},{"@type":"WebSite","@id":"https:\/\/edu4industry.com\/en\/#website","url":"https:\/\/edu4industry.com\/en\/","name":"Edu4Industry","description":"Rozwi\u0105zania z zakresu robotyki i automatyki do szk\u00f3\u0142 i na uczelnie","potentialAction":[{"@type":"SearchAction","target":{"@type":"EntryPoint","urlTemplate":"https:\/\/edu4industry.com\/en\/?s={search_term_string}"},"query-input":{"@type":"PropertyValueSpecification","valueRequired":true,"valueName":"search_term_string"}}],"inLanguage":"en-US"}]}},"_links":{"self":[{"href":"https:\/\/edu4industry.com\/en\/wp-json\/wp\/v2\/pages\/7394","targetHints":{"allow":["GET"]}}],"collection":[{"href":"https:\/\/edu4industry.com\/en\/wp-json\/wp\/v2\/pages"}],"about":[{"href":"https:\/\/edu4industry.com\/en\/wp-json\/wp\/v2\/types\/page"}],"author":[{"embeddable":true,"href":"https:\/\/edu4industry.com\/en\/wp-json\/wp\/v2\/users\/8"}],"replies":[{"embeddable":true,"href":"https:\/\/edu4industry.com\/en\/wp-json\/wp\/v2\/comments?post=7394"}],"version-history":[{"count":10,"href":"https:\/\/edu4industry.com\/en\/wp-json\/wp\/v2\/pages\/7394\/revisions"}],"predecessor-version":[{"id":7914,"href":"https:\/\/edu4industry.com\/en\/wp-json\/wp\/v2\/pages\/7394\/revisions\/7914"}],"up":[{"embeddable":true,"href":"https:\/\/edu4industry.com\/en\/wp-json\/wp\/v2\/pages\/7387"}],"wp:featuredmedia":[{"embeddable":true,"href":"https:\/\/edu4industry.com\/en\/wp-json\/wp\/v2\/media\/7317"}],"wp:attachment":[{"href":"https:\/\/edu4industry.com\/en\/wp-json\/wp\/v2\/media?parent=7394"}],"curies":[{"name":"wp","href":"https:\/\/api.w.org\/{rel}","templated":true}]}}