{"id":7392,"date":"2024-06-24T08:03:22","date_gmt":"2024-06-24T06:03:22","guid":{"rendered":"https:\/\/edu4.codeincode.pl\/?page_id=7392"},"modified":"2025-08-24T22:23:45","modified_gmt":"2025-08-24T20:23:45","slug":"mobile-robots","status":"publish","type":"page","link":"https:\/\/edu4industry.com\/en\/robotics\/mobile-robots\/","title":{"rendered":"Mobile robots"},"content":{"rendered":"<div id=\"pl-7392\"  class=\"panel-layout\" ><div id=\"pg-7392-0\"  class=\"panel-grid panel-has-style\" ><div class=\"product-section panel-row-style panel-row-style-for-7392-0\" ><div id=\"pgc-7392-0-0\"  class=\"panel-grid-cell\" ><div id=\"panel-7392-0-0-0\" class=\"widget_text so-panel widget widget_custom_html panel-first-child panel-last-child\" data-index=\"0\" ><div class=\"textwidget custom-html-widget\">            <div class=\"products-listing grid\">\n                                    <div class=\"item\">\n                        <div class=\"img\">\n                            <a href=\"https:\/\/edu4industry.com\/en\/produkt\/unitree-r1-humanoid\/\"><img decoding=\"async\" src=\"https:\/\/edu4industry.com\/wp-content\/uploads\/2025\/09\/R1.webp\" alt=\"Unitree R1 Humanoid\"\/><\/a>\n                        <\/div>\n                        <h3>\n                            <a href=\"https:\/\/edu4industry.com\/en\/produkt\/unitree-r1-humanoid\/\">Unitree R1 Humanoid<\/a>\n                        <\/h3>\n                        <a href=\"https:\/\/edu4industry.com\/en\/produkt\/unitree-r1-humanoid\/\" class=\"readmore\">Details<\/a>\n                    <\/div>\n                                    <div class=\"item\">\n                        <div class=\"img\">\n                            <a href=\"https:\/\/edu4industry.com\/en\/produkt\/unitree-g1\/\"><img decoding=\"async\" src=\"https:\/\/edu4industry.com\/wp-content\/uploads\/2024\/08\/g1-humanoid-robot_min-1.webp\" alt=\"Unitree G1\"\/><\/a>\n                        <\/div>\n                        <h3>\n                            <a href=\"https:\/\/edu4industry.com\/en\/produkt\/unitree-g1\/\">Unitree G1<\/a>\n                        <\/h3>\n                        <a href=\"https:\/\/edu4industry.com\/en\/produkt\/unitree-g1\/\" class=\"readmore\">Details<\/a>\n                    <\/div>\n                                    <div class=\"item\">\n                        <div class=\"img\">\n                            <a href=\"https:\/\/edu4industry.com\/en\/produkt\/unitree-go2\/\"><img decoding=\"async\" src=\"https:\/\/edu4industry.com\/wp-content\/uploads\/2023\/08\/Robot-Unitree-Go2-1024x829.webp\" alt=\"Robot krocz\u0105cy Unitree Go2\"\/><\/a>\n                        <\/div>\n                        <h3>\n                            <a href=\"https:\/\/edu4industry.com\/en\/produkt\/unitree-go2\/\">Robot krocz\u0105cy Unitree Go2<\/a>\n                        <\/h3>\n                        <a href=\"https:\/\/edu4industry.com\/en\/produkt\/unitree-go2\/\" class=\"readmore\">Details<\/a>\n                    <\/div>\n                                    <div class=\"item\">\n                        <div class=\"img\">\n                            <a href=\"https:\/\/edu4industry.com\/en\/produkt\/husarion-lynx\/\"><img decoding=\"async\" src=\"https:\/\/edu4industry.com\/wp-content\/uploads\/2025\/02\/Robot-Mobilny-Husarion-Lynx.png\" alt=\"Husarion Lynx\"\/><\/a>\n                        <\/div>\n                        <h3>\n                            <a href=\"https:\/\/edu4industry.com\/en\/produkt\/husarion-lynx\/\">Husarion Lynx<\/a>\n                        <\/h3>\n                        <a href=\"https:\/\/edu4industry.com\/en\/produkt\/husarion-lynx\/\" class=\"readmore\">Details<\/a>\n                    <\/div>\n                                    <div class=\"item\">\n                        <div class=\"img\">\n                            <a href=\"https:\/\/edu4industry.com\/en\/produkt\/husarion-rosbot-xl\/\"><img decoding=\"async\" src=\"https:\/\/edu4industry.com\/wp-content\/uploads\/2022\/11\/ROSbot-XL-1.png\" alt=\"Husarion ROSbot XL\"\/><\/a>\n                        <\/div>\n                        <h3>\n                            <a href=\"https:\/\/edu4industry.com\/en\/produkt\/husarion-rosbot-xl\/\">Husarion ROSbot XL<\/a>\n                        <\/h3>\n                        <a href=\"https:\/\/edu4industry.com\/en\/produkt\/husarion-rosbot-xl\/\" class=\"readmore\">Details<\/a>\n                    <\/div>\n                                    <div class=\"item\">\n                        <div class=\"img\">\n                            <a href=\"https:\/\/edu4industry.com\/en\/produkt\/husarion-rosbot-3\/\"><img decoding=\"async\" src=\"https:\/\/edu4industry.com\/wp-content\/uploads\/2025\/03\/RosBOT3.webp\" alt=\"Husarion ROSbot 3 \u2013 mobile robotic platform\"\/><\/a>\n                        <\/div>\n                        <h3>\n                            <a href=\"https:\/\/edu4industry.com\/en\/produkt\/husarion-rosbot-3\/\">Husarion ROSbot 3 \u2013 mobile robotic platform<\/a>\n                        <\/h3>\n                        <a href=\"https:\/\/edu4industry.com\/en\/produkt\/husarion-rosbot-3\/\" class=\"readmore\">Details<\/a>\n                    <\/div>\n                                    <div class=\"item\">\n                        <div class=\"img\">\n                            <a href=\"https:\/\/edu4industry.com\/en\/produkt\/leo-rover\/\"><img decoding=\"async\" src=\"https:\/\/edu4industry.com\/wp-content\/uploads\/2024\/09\/Leo-grafika-strona.jpg\" alt=\"Leo Rover 1.9 Developer Kit\"\/><\/a>\n                        <\/div>\n                        <h3>\n                            <a href=\"https:\/\/edu4industry.com\/en\/produkt\/leo-rover\/\">Leo Rover 1.9 Developer Kit<\/a>\n                        <\/h3>\n                        <a href=\"https:\/\/edu4industry.com\/en\/produkt\/leo-rover\/\" class=\"readmore\">Details<\/a>\n                    <\/div>\n                                    <div class=\"item\">\n                        <div class=\"img\">\n                            <a href=\"https:\/\/edu4industry.com\/en\/produkt\/quanser-autonomous-vehicles-research-studio\/\"><img decoding=\"async\" src=\"https:\/\/edu4industry.com\/wp-content\/uploads\/2020\/03\/Clearpath-Jackal-3.png\" alt=\"Quanser Autonomous Vehicles Research Studio\"\/><\/a>\n                        <\/div>\n                        <h3>\n                            <a href=\"https:\/\/edu4industry.com\/en\/produkt\/quanser-autonomous-vehicles-research-studio\/\">Quanser Autonomous Vehicles Research Studio<\/a>\n                        <\/h3>\n                        <a href=\"https:\/\/edu4industry.com\/en\/produkt\/quanser-autonomous-vehicles-research-studio\/\" class=\"readmore\">Details<\/a>\n                    <\/div>\n                                    <div class=\"item\">\n                        <div class=\"img\">\n                            <a href=\"https:\/\/edu4industry.com\/en\/produkt\/quanser-self-driving-car-research-studio\/\"><img decoding=\"async\" src=\"https:\/\/edu4industry.com\/wp-content\/uploads\/2020\/03\/Clearpath-Jackal-2.png\" alt=\"Quanser Self Driving Car Research Studio\"\/><\/a>\n                        <\/div>\n                        <h3>\n                            <a href=\"https:\/\/edu4industry.com\/en\/produkt\/quanser-self-driving-car-research-studio\/\">Quanser Self Driving Car Research Studio<\/a>\n                        <\/h3>\n                        <a href=\"https:\/\/edu4industry.com\/en\/produkt\/quanser-self-driving-car-research-studio\/\" class=\"readmore\">Details<\/a>\n                    <\/div>\n                                    <div class=\"item\">\n                        <div class=\"img\">\n                            <a href=\"https:\/\/edu4industry.com\/en\/produkt\/husarion-panther\/\"><img decoding=\"async\" src=\"https:\/\/edu4industry.com\/wp-content\/uploads\/2021\/11\/Panther-2.jpg\" alt=\"Husarion Panther\"\/><\/a>\n                        <\/div>\n                        <h3>\n                            <a href=\"https:\/\/edu4industry.com\/en\/produkt\/husarion-panther\/\">Husarion Panther<\/a>\n                        <\/h3>\n                        <a href=\"https:\/\/edu4industry.com\/en\/produkt\/husarion-panther\/\" class=\"readmore\">Details<\/a>\n                    <\/div>\n                                    <div class=\"item\">\n                        <div class=\"img\">\n                            <a href=\"https:\/\/edu4industry.com\/en\/produkt\/dobot-magician-go\/\"><img decoding=\"async\" src=\"https:\/\/edu4industry.com\/wp-content\/uploads\/2023\/09\/Magician-Go.png\" alt=\"Dobot Magician Go\"\/><\/a>\n                        <\/div>\n                        <h3>\n                            <a href=\"https:\/\/edu4industry.com\/en\/produkt\/dobot-magician-go\/\">Dobot Magician Go<\/a>\n                        <\/h3>\n                        <a href=\"https:\/\/edu4industry.com\/en\/produkt\/dobot-magician-go\/\" class=\"readmore\">Details<\/a>\n                    <\/div>\n                                    <div class=\"item\">\n                        <div class=\"img\">\n                            <a href=\"https:\/\/edu4industry.com\/en\/produkt\/raph-rover\/\"><img decoding=\"async\" src=\"https:\/\/edu4industry.com\/wp-content\/uploads\/2025\/11\/raph-photo-04-1024x768.webp\" alt=\"Raph Rover\"\/><\/a>\n                        <\/div>\n                        <h3>\n                            <a href=\"https:\/\/edu4industry.com\/en\/produkt\/raph-rover\/\">Raph Rover<\/a>\n                        <\/h3>\n                        <a href=\"https:\/\/edu4industry.com\/en\/produkt\/raph-rover\/\" class=\"readmore\">Details<\/a>\n                    <\/div>\n                                    <div class=\"item\">\n                        <div class=\"img\">\n                            <a href=\"https:\/\/edu4industry.com\/en\/produkt\/clearpath-warthog\/\"><img decoding=\"async\" src=\"https:\/\/edu4industry.com\/wp-content\/uploads\/2020\/03\/Clearpath-Jackal-7.png\" alt=\"Clearpath Warthog\"\/><\/a>\n                        <\/div>\n                        <h3>\n                            <a href=\"https:\/\/edu4industry.com\/en\/produkt\/clearpath-warthog\/\">Clearpath Warthog<\/a>\n                        <\/h3>\n                        <a href=\"https:\/\/edu4industry.com\/en\/produkt\/clearpath-warthog\/\" class=\"readmore\">Details<\/a>\n                    <\/div>\n                                    <div class=\"item\">\n                        <div class=\"img\">\n                            <a href=\"https:\/\/edu4industry.com\/en\/produkt\/clearpath-dingo\/\"><img decoding=\"async\" src=\"https:\/\/edu4industry.com\/wp-content\/uploads\/2020\/03\/Clearpath-dingo.png\" alt=\"Clearpath Dingo\"\/><\/a>\n                        <\/div>\n                        <h3>\n                            <a href=\"https:\/\/edu4industry.com\/en\/produkt\/clearpath-dingo\/\">Clearpath Dingo<\/a>\n                        <\/h3>\n                        <a href=\"https:\/\/edu4industry.com\/en\/produkt\/clearpath-dingo\/\" class=\"readmore\">Details<\/a>\n                    <\/div>\n                                    <div class=\"item\">\n                        <div class=\"img\">\n                            <a href=\"https:\/\/edu4industry.com\/en\/produkt\/clearpath-ridgeback\/\"><img decoding=\"async\" src=\"https:\/\/edu4industry.com\/wp-content\/uploads\/2020\/03\/Clearpath-Jackal-6.png\" alt=\"Clearpath Ridgeback\"\/><\/a>\n                        <\/div>\n                        <h3>\n                            <a href=\"https:\/\/edu4industry.com\/en\/produkt\/clearpath-ridgeback\/\">Clearpath Ridgeback<\/a>\n                        <\/h3>\n                        <a href=\"https:\/\/edu4industry.com\/en\/produkt\/clearpath-ridgeback\/\" class=\"readmore\">Details<\/a>\n                    <\/div>\n                                    <div class=\"item\">\n                        <div class=\"img\">\n                            <a href=\"https:\/\/edu4industry.com\/en\/produkt\/mir250\/\"><img decoding=\"async\" src=\"https:\/\/edu4industry.com\/wp-content\/uploads\/2020\/03\/Obraz1.png\" alt=\"MIR250\"\/><\/a>\n                        <\/div>\n                        <h3>\n                            <a href=\"https:\/\/edu4industry.com\/en\/produkt\/mir250\/\">MIR250<\/a>\n                        <\/h3>\n                        <a href=\"https:\/\/edu4industry.com\/en\/produkt\/mir250\/\" class=\"readmore\">Details<\/a>\n                    <\/div>\n                                    <div class=\"item\">\n                        <div class=\"img\">\n                            <a href=\"https:\/\/edu4industry.com\/en\/produkt\/mir600\/\"><img decoding=\"async\" src=\"https:\/\/edu4industry.com\/wp-content\/uploads\/2021\/05\/mir600-1.png\" alt=\"MIR600\"\/><\/a>\n                        <\/div>\n                        <h3>\n                            <a href=\"https:\/\/edu4industry.com\/en\/produkt\/mir600\/\">MIR600<\/a>\n                        <\/h3>\n                        <a href=\"https:\/\/edu4industry.com\/en\/produkt\/mir600\/\" class=\"readmore\">Details<\/a>\n                    <\/div>\n                                    <div class=\"item\">\n                        <div class=\"img\">\n                            <a href=\"https:\/\/edu4industry.com\/en\/produkt\/mobile-robot-for-industry-mir-mc600\/\"><img decoding=\"async\" src=\"https:\/\/edu4industry.com\/wp-content\/uploads\/2020\/03\/Robot-MiR-MC600.png\" alt=\"MIR MC600 \u2013 cobot mobile for industry\"\/><\/a>\n                        <\/div>\n                        <h3>\n                            <a href=\"https:\/\/edu4industry.com\/en\/produkt\/mobile-robot-for-industry-mir-mc600\/\">MIR MC600 \u2013 cobot mobile for industry<\/a>\n                        <\/h3>\n                        <a href=\"https:\/\/edu4industry.com\/en\/produkt\/mobile-robot-for-industry-mir-mc600\/\" class=\"readmore\">Details<\/a>\n                    <\/div>\n                                    <div class=\"item\">\n                        <div class=\"img\">\n                            <a href=\"https:\/\/edu4industry.com\/en\/produkt\/mir1350\/\"><img decoding=\"async\" src=\"https:\/\/edu4industry.com\/wp-content\/uploads\/2020\/03\/mir1350-1.png\" alt=\"MIR1350\"\/><\/a>\n                        <\/div>\n                        <h3>\n                            <a href=\"https:\/\/edu4industry.com\/en\/produkt\/mir1350\/\">MIR1350<\/a>\n                        <\/h3>\n                        <a href=\"https:\/\/edu4industry.com\/en\/produkt\/mir1350\/\" class=\"readmore\">Details<\/a>\n                    <\/div>\n                                    <div class=\"item\">\n                        <div class=\"img\">\n                            <a href=\"https:\/\/edu4industry.com\/en\/produkt\/clearpath-husky\/\"><img decoding=\"async\" src=\"https:\/\/edu4industry.com\/wp-content\/uploads\/2020\/03\/Clearpath-husky.png\" alt=\"Clearpath Husky\"\/><\/a>\n                        <\/div>\n                        <h3>\n                            <a href=\"https:\/\/edu4industry.com\/en\/produkt\/clearpath-husky\/\">Clearpath Husky<\/a>\n                        <\/h3>\n                        <a href=\"https:\/\/edu4industry.com\/en\/produkt\/clearpath-husky\/\" class=\"readmore\">Details<\/a>\n                    <\/div>\n                                    <div class=\"item\">\n                        <div class=\"img\">\n                            <a href=\"https:\/\/edu4industry.com\/en\/produkt\/clearpath-jackal\/\"><img decoding=\"async\" src=\"https:\/\/edu4industry.com\/wp-content\/uploads\/2020\/03\/Clearpath-Jackal-.png\" alt=\"Clearpath Jackal\"\/><\/a>\n                        <\/div>\n                        <h3>\n                            <a href=\"https:\/\/edu4industry.com\/en\/produkt\/clearpath-jackal\/\">Clearpath Jackal<\/a>\n                        <\/h3>\n                        <a href=\"https:\/\/edu4industry.com\/en\/produkt\/clearpath-jackal\/\" class=\"readmore\">Details<\/a>\n                    <\/div>\n                            <\/div>\n        \n<a href=\"#pokaz-wiecej\" id=\"show-more-product\" class=\"btn black\">show more<\/a>\n<\/div><\/div><\/div><\/div><\/div><div id=\"pg-7392-1\"  class=\"panel-grid panel-no-style\" ><div id=\"pgc-7392-1-0\"  class=\"panel-grid-cell\" ><div id=\"panel-7392-1-0-0\" class=\"so-panel widget widget_sow-image panel-first-child panel-last-child\" data-index=\"1\" ><div\n\t\t\t\n\t\t\tclass=\"so-widget-sow-image so-widget-sow-image-default-8b5b6f678277-7392\"\n\t\t\t\n\t\t>\n<div class=\"sow-image-container\">\n\t\t<img \n\tsrc=\"https:\/\/edu4industry.com\/wp-content\/uploads\/2024\/08\/Grafiki-na-strone-SEO-9.png\" width=\"1000\" height=\"500\" srcset=\"https:\/\/edu4industry.com\/wp-content\/uploads\/2024\/08\/Grafiki-na-strone-SEO-9.png 1000w, https:\/\/edu4industry.com\/wp-content\/uploads\/2024\/08\/Grafiki-na-strone-SEO-9-300x150.png 300w, https:\/\/edu4industry.com\/wp-content\/uploads\/2024\/08\/Grafiki-na-strone-SEO-9-500x250.png 500w, https:\/\/edu4industry.com\/wp-content\/uploads\/2024\/08\/Grafiki-na-strone-SEO-9-768x384.png 768w\" sizes=\"(max-width: 1000px) 100vw, 1000px\" title=\"Roboty mobilne\" alt=\"\" \t\tclass=\"so-widget-image\"\/>\n\t<\/div>\n\n<\/div><\/div><\/div><div id=\"pgc-7392-1-1\"  class=\"panel-grid-cell\" ><div id=\"panel-7392-1-1-0\" class=\"so-panel widget widget_sow-editor panel-first-child panel-last-child\" data-index=\"2\" ><div\n\t\t\t\n\t\t\tclass=\"so-widget-sow-editor so-widget-sow-editor-base\"\n\t\t\t\n\t\t>\n<div class=\"siteorigin-widget-tinymce textwidget\">\n\t<h2>Mobile robots<\/h2>\n<div class=\"group\/conversation-turn relative flex w-full min-w-0 flex-col agent-turn\">\n<div class=\"flex-col gap-1 md:gap-3\">\n<div class=\"flex max-w-full flex-col flex-grow\">\n<div class=\"min-h-[20px] text-message flex w-full flex-col items-end gap-2 break-words [.text-message+&amp;]:mt-5 overflow-x-auto whitespace-normal\" dir=\"auto\" data-message-author-role=\"assistant\" data-message-id=\"c15a6f5b-7277-47f0-b32d-10976a69bf4f\">\n<div class=\"flex w-full flex-col gap-1 empty:hidden first:pt-[3px]\">\n<div class=\"markdown prose w-full break-words dark:prose-invert light\">\n<p>Every mobile robot is equipped with modern sensors and control systems that ensure efficiency and reliability in the most demanding conditions.<\/p>\n<\/div>\n<\/div>\n<\/div>\n<\/div>\n<\/div>\n<\/div>\n<\/div>\n<\/div><\/div><\/div><\/div><\/div>","protected":false},"excerpt":{"rendered":"<p>Mobile robots Every mobile robot is equipped with modern sensors and control systems that ensure efficiency and reliability in the most demanding conditions.<\/p>\n","protected":false},"author":8,"featured_media":9556,"parent":7387,"menu_order":1,"comment_status":"closed","ping_status":"closed","template":"content-offer.php","meta":{"_acf_changed":false,"footnotes":""},"class_list":["post-7392","page","type-page","status-publish","has-post-thumbnail","hentry"],"acf":[],"yoast_head":"<!-- This site is optimized with the Yoast SEO plugin v27.5 - https:\/\/yoast.com\/product\/yoast-seo-wordpress\/ -->\n<title>Mobile robots | Edu4industry<\/title>\n<meta name=\"description\" content=\"Humanoids, robo-dogs, walking robots, flying and driving platforms are revolutionizing the world of education and scientific research, offering new, dynamic methods of teaching and experimenting.\" \/>\n<meta name=\"robots\" content=\"index, follow, max-snippet:-1, max-image-preview:large, max-video-preview:-1\" \/>\n<link rel=\"canonical\" href=\"https:\/\/edu4industry.com\/en\/robotics\/mobile-robots\/\" \/>\n<meta property=\"og:locale\" content=\"en_US\" \/>\n<meta property=\"og:type\" content=\"article\" \/>\n<meta property=\"og:title\" content=\"Mobile robots | Edu4industry\" \/>\n<meta property=\"og:description\" content=\"Humanoids, robo-dogs, walking robots, flying and driving platforms are revolutionizing the world of education and scientific research, offering new, dynamic methods of teaching and experimenting.\" \/>\n<meta property=\"og:url\" content=\"https:\/\/edu4industry.com\/en\/robotics\/mobile-robots\/\" \/>\n<meta property=\"og:site_name\" content=\"Edu4industry\" \/>\n<meta property=\"article:modified_time\" content=\"2025-08-24T20:23:45+00:00\" \/>\n<meta property=\"og:image\" content=\"https:\/\/edu4industry.com\/wp-content\/uploads\/2025\/08\/Humanoid-G1.webp\" \/>\n\t<meta property=\"og:image:width\" content=\"408\" \/>\n\t<meta property=\"og:image:height\" content=\"408\" \/>\n\t<meta property=\"og:image:type\" content=\"image\/webp\" \/>\n<meta name=\"twitter:card\" content=\"summary_large_image\" \/>\n<meta name=\"twitter:label1\" content=\"Est. reading time\" \/>\n\t<meta name=\"twitter:data1\" content=\"1 minute\" \/>\n<!-- \/ Yoast SEO plugin. -->","yoast_head_json":{"title":"Mobile robots | Edu4industry","description":"Humanoids, robo-dogs, walking robots, flying and driving platforms are revolutionizing the world of education and scientific research, offering new, dynamic methods of teaching and experimenting.","robots":{"index":"index","follow":"follow","max-snippet":"max-snippet:-1","max-image-preview":"max-image-preview:large","max-video-preview":"max-video-preview:-1"},"canonical":"https:\/\/edu4industry.com\/en\/robotics\/mobile-robots\/","og_locale":"en_US","og_type":"article","og_title":"Mobile robots | Edu4industry","og_description":"Humanoids, robo-dogs, walking robots, flying and driving platforms are revolutionizing the world of education and scientific research, offering new, dynamic methods of teaching and experimenting.","og_url":"https:\/\/edu4industry.com\/en\/robotics\/mobile-robots\/","og_site_name":"Edu4industry","article_modified_time":"2025-08-24T20:23:45+00:00","og_image":[{"width":408,"height":408,"url":"https:\/\/edu4industry.com\/wp-content\/uploads\/2025\/08\/Humanoid-G1.webp","type":"image\/webp"}],"twitter_card":"summary_large_image","twitter_misc":{"Est. reading time":"1 minute"},"schema":{"@context":"https:\/\/schema.org","@graph":[{"@type":"WebPage","@id":"https:\/\/edu4industry.com\/en\/robotics\/mobile-robots\/","url":"https:\/\/edu4industry.com\/en\/robotics\/mobile-robots\/","name":"Mobile robots | Edu4industry","isPartOf":{"@id":"https:\/\/edu4industry.com\/en\/#website"},"primaryImageOfPage":{"@id":"https:\/\/edu4industry.com\/en\/robotics\/mobile-robots\/#primaryimage"},"image":{"@id":"https:\/\/edu4industry.com\/en\/robotics\/mobile-robots\/#primaryimage"},"thumbnailUrl":"https:\/\/edu4industry.com\/wp-content\/uploads\/2025\/08\/Humanoid-G1.webp","datePublished":"2024-06-24T06:03:22+00:00","dateModified":"2025-08-24T20:23:45+00:00","description":"Humanoids, robo-dogs, walking robots, flying and driving platforms are revolutionizing the world of education and scientific research, offering new, dynamic methods of teaching and experimenting.","breadcrumb":{"@id":"https:\/\/edu4industry.com\/en\/robotics\/mobile-robots\/#breadcrumb"},"inLanguage":"en-US","potentialAction":[{"@type":"ReadAction","target":["https:\/\/edu4industry.com\/en\/robotics\/mobile-robots\/"]}]},{"@type":"ImageObject","inLanguage":"en-US","@id":"https:\/\/edu4industry.com\/en\/robotics\/mobile-robots\/#primaryimage","url":"https:\/\/edu4industry.com\/wp-content\/uploads\/2025\/08\/Humanoid-G1.webp","contentUrl":"https:\/\/edu4industry.com\/wp-content\/uploads\/2025\/08\/Humanoid-G1.webp","width":408,"height":408,"caption":"Humanoid G1 Unitree"},{"@type":"BreadcrumbList","@id":"https:\/\/edu4industry.com\/en\/robotics\/mobile-robots\/#breadcrumb","itemListElement":[{"@type":"ListItem","position":1,"name":"Home","item":"https:\/\/edu4industry.com\/en\/"},{"@type":"ListItem","position":2,"name":"Robotics","item":"https:\/\/edu4industry.com\/en\/robotics\/"},{"@type":"ListItem","position":3,"name":"Mobile robots"}]},{"@type":"WebSite","@id":"https:\/\/edu4industry.com\/en\/#website","url":"https:\/\/edu4industry.com\/en\/","name":"Edu4Industry","description":"Rozwi\u0105zania z zakresu robotyki i automatyki do szk\u00f3\u0142 i na uczelnie","potentialAction":[{"@type":"SearchAction","target":{"@type":"EntryPoint","urlTemplate":"https:\/\/edu4industry.com\/en\/?s={search_term_string}"},"query-input":{"@type":"PropertyValueSpecification","valueRequired":true,"valueName":"search_term_string"}}],"inLanguage":"en-US"}]}},"_links":{"self":[{"href":"https:\/\/edu4industry.com\/en\/wp-json\/wp\/v2\/pages\/7392","targetHints":{"allow":["GET"]}}],"collection":[{"href":"https:\/\/edu4industry.com\/en\/wp-json\/wp\/v2\/pages"}],"about":[{"href":"https:\/\/edu4industry.com\/en\/wp-json\/wp\/v2\/types\/page"}],"author":[{"embeddable":true,"href":"https:\/\/edu4industry.com\/en\/wp-json\/wp\/v2\/users\/8"}],"replies":[{"embeddable":true,"href":"https:\/\/edu4industry.com\/en\/wp-json\/wp\/v2\/comments?post=7392"}],"version-history":[{"count":18,"href":"https:\/\/edu4industry.com\/en\/wp-json\/wp\/v2\/pages\/7392\/revisions"}],"predecessor-version":[{"id":7911,"href":"https:\/\/edu4industry.com\/en\/wp-json\/wp\/v2\/pages\/7392\/revisions\/7911"}],"up":[{"embeddable":true,"href":"https:\/\/edu4industry.com\/en\/wp-json\/wp\/v2\/pages\/7387"}],"wp:featuredmedia":[{"embeddable":true,"href":"https:\/\/edu4industry.com\/en\/wp-json\/wp\/v2\/media\/9556"}],"wp:attachment":[{"href":"https:\/\/edu4industry.com\/en\/wp-json\/wp\/v2\/media?parent=7392"}],"curies":[{"name":"wp","href":"https:\/\/api.w.org\/{rel}","templated":true}]}}