{"id":7379,"date":"2024-06-24T08:19:54","date_gmt":"2024-06-24T06:19:54","guid":{"rendered":"https:\/\/edu4.codeincode.pl\/?page_id=7379"},"modified":"2025-08-24T22:23:44","modified_gmt":"2025-08-24T20:23:44","slug":"teaching-stations","status":"publish","type":"page","link":"https:\/\/edu4industry.com\/en\/industrial-automation\/teaching-stations\/","title":{"rendered":"Teaching stations"},"content":{"rendered":"<div id=\"pl-7379\"  class=\"panel-layout\" ><div id=\"pg-7379-0\"  class=\"panel-grid panel-has-style\" ><div id=\"product-section\" class=\"panel-row-style panel-row-style-for-7379-0\" ><div id=\"pgc-7379-0-0\"  class=\"panel-grid-cell\" ><div id=\"panel-7379-0-0-0\" class=\"widget_text so-panel widget widget_custom_html panel-first-child panel-last-child\" data-index=\"0\" ><div class=\"widget_text product-section panel-widget-style panel-widget-style-for-7379-0-0-0\" ><div class=\"textwidget custom-html-widget\">            <div class=\"products-listing grid\">\n                                    <div class=\"item\">\n                        <div class=\"img\">\n                            <a href=\"https:\/\/edu4industry.com\/en\/produkt\/basic-plc-training-station\/\"><img decoding=\"async\" src=\"https:\/\/edu4industry.com\/wp-content\/uploads\/2020\/03\/Podstawowe-stanowisko-szkoleniowe-PLC-.png\" alt=\"Basic PLC Training Station\"\/><\/a>\n                        <\/div>\n                        <h3>\n                            <a href=\"https:\/\/edu4industry.com\/en\/produkt\/basic-plc-training-station\/\">Basic PLC Training Station<\/a>\n                        <\/h3>\n                        <a href=\"https:\/\/edu4industry.com\/en\/produkt\/basic-plc-training-station\/\" class=\"readmore\">Details<\/a>\n                    <\/div>\n                                    <div class=\"item\">\n                        <div class=\"img\">\n                            <a href=\"https:\/\/edu4industry.com\/en\/produkt\/miniature-conveyor-belt\/\"><img decoding=\"async\" src=\"https:\/\/edu4industry.com\/wp-content\/uploads\/2020\/07\/Miniaturowy_przenosnik_tasmowy-.png\" alt=\"Miniature Conveyor Belt\"\/><\/a>\n                        <\/div>\n                        <h3>\n                            <a href=\"https:\/\/edu4industry.com\/en\/produkt\/miniature-conveyor-belt\/\">Miniature Conveyor Belt<\/a>\n                        <\/h3>\n                        <a href=\"https:\/\/edu4industry.com\/en\/produkt\/miniature-conveyor-belt\/\" class=\"readmore\">Details<\/a>\n                    <\/div>\n                                    <div class=\"item\">\n                        <div class=\"img\">\n                            <a href=\"https:\/\/edu4industry.com\/en\/produkt\/miniature-cartesian-manipulator\/\"><img decoding=\"async\" src=\"https:\/\/edu4industry.com\/wp-content\/uploads\/2024\/01\/Model-3-osiowy.png\" alt=\"Miniature Cartesian Manipulator\"\/><\/a>\n                        <\/div>\n                        <h3>\n                            <a href=\"https:\/\/edu4industry.com\/en\/produkt\/miniature-cartesian-manipulator\/\">Miniature Cartesian Manipulator<\/a>\n                        <\/h3>\n                        <a href=\"https:\/\/edu4industry.com\/en\/produkt\/miniature-cartesian-manipulator\/\" class=\"readmore\">Details<\/a>\n                    <\/div>\n                                    <div class=\"item\">\n                        <div class=\"img\">\n                            <a href=\"https:\/\/edu4industry.com\/en\/produkt\/intelligent-industry-4-0-factory-model\/\"><img decoding=\"async\" src=\"https:\/\/edu4industry.com\/wp-content\/uploads\/2020\/07\/Model_Inteligentnej_Fabryki_Przemyslu.png\" alt=\"Intelligent Industry 4.0 Factory Model\"\/><\/a>\n                        <\/div>\n                        <h3>\n                            <a href=\"https:\/\/edu4industry.com\/en\/produkt\/intelligent-industry-4-0-factory-model\/\">Intelligent Industry 4.0 Factory Model<\/a>\n                        <\/h3>\n                        <a href=\"https:\/\/edu4industry.com\/en\/produkt\/intelligent-industry-4-0-factory-model\/\" class=\"readmore\">Details<\/a>\n                    <\/div>\n                                    <div class=\"item\">\n                        <div class=\"img\">\n                            <a href=\"https:\/\/edu4industry.com\/en\/produkt\/basic-vertical-plc-frame-500\/\"><img decoding=\"async\" src=\"https:\/\/edu4industry.com\/wp-content\/uploads\/2022\/01\/Stelaz-PLC.jpg\" alt=\"Basic Vertical PLC frame 500\"\/><\/a>\n                        <\/div>\n                        <h3>\n                            <a href=\"https:\/\/edu4industry.com\/en\/produkt\/basic-vertical-plc-frame-500\/\">Basic Vertical PLC frame 500<\/a>\n                        <\/h3>\n                        <a href=\"https:\/\/edu4industry.com\/en\/produkt\/basic-vertical-plc-frame-500\/\" class=\"readmore\">Details<\/a>\n                    <\/div>\n                                    <div class=\"item\">\n                        <div class=\"img\">\n                            <a href=\"https:\/\/edu4industry.com\/en\/produkt\/small-conveyor-belt\/\"><img decoding=\"async\" src=\"https:\/\/edu4industry.com\/wp-content\/uploads\/2020\/10\/IMG_2572_1.jpg\" alt=\"Small Conveyor Belt\"\/><\/a>\n                        <\/div>\n                        <h3>\n                            <a href=\"https:\/\/edu4industry.com\/en\/produkt\/small-conveyor-belt\/\">Small Conveyor Belt<\/a>\n                        <\/h3>\n                        <a href=\"https:\/\/edu4industry.com\/en\/produkt\/small-conveyor-belt\/\" class=\"readmore\">Details<\/a>\n                    <\/div>\n                                    <div class=\"item\">\n                        <div class=\"img\">\n                            <a href=\"https:\/\/edu4industry.com\/en\/produkt\/automatic-gate\/\"><img decoding=\"async\" src=\"https:\/\/edu4industry.com\/wp-content\/uploads\/2020\/03\/Brama-Automatyczna-.png\" alt=\"Automatic Gate\"\/><\/a>\n                        <\/div>\n                        <h3>\n                            <a href=\"https:\/\/edu4industry.com\/en\/produkt\/automatic-gate\/\">Automatic Gate<\/a>\n                        <\/h3>\n                        <a href=\"https:\/\/edu4industry.com\/en\/produkt\/automatic-gate\/\" class=\"readmore\">Details<\/a>\n                    <\/div>\n                                    <div class=\"item\">\n                        <div class=\"img\">\n                            <a href=\"https:\/\/edu4industry.com\/en\/produkt\/station-with-a-servo-motor-and-sinamics-s120-controller\/\"><img decoding=\"async\" src=\"https:\/\/edu4industry.com\/wp-content\/uploads\/2020\/03\/Stanowisko-z-silnikiem-serwo.png\" alt=\"Station with a servo motor and SINAMICS S120 controller\"\/><\/a>\n                        <\/div>\n                        <h3>\n                            <a href=\"https:\/\/edu4industry.com\/en\/produkt\/station-with-a-servo-motor-and-sinamics-s120-controller\/\">Station with a servo motor and SINAMICS S120 controller<\/a>\n                        <\/h3>\n                        <a href=\"https:\/\/edu4industry.com\/en\/produkt\/station-with-a-servo-motor-and-sinamics-s120-controller\/\" class=\"readmore\">Details<\/a>\n                    <\/div>\n                                    <div class=\"item\">\n                        <div class=\"img\">\n                            <a href=\"https:\/\/edu4industry.com\/en\/produkt\/universal-board-process-simulator\/\"><img decoding=\"async\" src=\"https:\/\/edu4industry.com\/wp-content\/uploads\/2020\/03\/Symulator_Procesow_Universal_Board.png\" alt=\"Universal Board Process Simulator\"\/><\/a>\n                        <\/div>\n                        <h3>\n                            <a href=\"https:\/\/edu4industry.com\/en\/produkt\/universal-board-process-simulator\/\">Universal Board Process Simulator<\/a>\n                        <\/h3>\n                        <a href=\"https:\/\/edu4industry.com\/en\/produkt\/universal-board-process-simulator\/\" class=\"readmore\">Details<\/a>\n                    <\/div>\n                                    <div class=\"item\">\n                        <div class=\"img\">\n                            <a href=\"https:\/\/edu4industry.com\/en\/produkt\/stand-with-an-induction-motor-and-a-g120-voltage-converter\/\"><img decoding=\"async\" src=\"https:\/\/edu4industry.com\/wp-content\/uploads\/2020\/10\/G120.jpg\" alt=\"Stand with an Induction Motor and a G120 voltage converter\"\/><\/a>\n                        <\/div>\n                        <h3>\n                            <a href=\"https:\/\/edu4industry.com\/en\/produkt\/stand-with-an-induction-motor-and-a-g120-voltage-converter\/\">Stand with an Induction Motor and a G120 voltage converter<\/a>\n                        <\/h3>\n                        <a href=\"https:\/\/edu4industry.com\/en\/produkt\/stand-with-an-induction-motor-and-a-g120-voltage-converter\/\" class=\"readmore\">Details<\/a>\n                    <\/div>\n                            <\/div>\n        \n<a href=\"#pokaz-wiecej\" id=\"show-more-product\" class=\"btn black\">Show more<\/a><\/div><\/div><\/div><\/div><\/div><\/div><div id=\"pg-7379-1\"  class=\"panel-grid panel-no-style\" ><div id=\"pgc-7379-1-0\"  class=\"panel-grid-cell\" ><div id=\"panel-7379-1-0-0\" class=\"so-panel widget widget_sow-image panel-first-child panel-last-child\" data-index=\"1\" ><div\n\t\t\t\n\t\t\tclass=\"so-widget-sow-image so-widget-sow-image-default-8b5b6f678277-7379\"\n\t\t\t\n\t\t>\n<div class=\"sow-image-container\">\n\t\t<img \n\tsrc=\"https:\/\/edu4industry.com\/wp-content\/uploads\/2024\/08\/Grafiki-na-strone-SEO-6.png\" width=\"1000\" height=\"500\" srcset=\"https:\/\/edu4industry.com\/wp-content\/uploads\/2024\/08\/Grafiki-na-strone-SEO-6.png 1000w, https:\/\/edu4industry.com\/wp-content\/uploads\/2024\/08\/Grafiki-na-strone-SEO-6-300x150.png 300w, https:\/\/edu4industry.com\/wp-content\/uploads\/2024\/08\/Grafiki-na-strone-SEO-6-500x250.png 500w, https:\/\/edu4industry.com\/wp-content\/uploads\/2024\/08\/Grafiki-na-strone-SEO-6-768x384.png 768w\" sizes=\"(max-width: 1000px) 100vw, 1000px\" title=\"Trena\u017cer z ma\u0142ym ta\u015bmoci\u0105giem\" alt=\"\" \t\tclass=\"so-widget-image\"\/>\n\t<\/div>\n\n<\/div><\/div><\/div><div id=\"pgc-7379-1-1\"  class=\"panel-grid-cell\" ><div id=\"panel-7379-1-1-0\" class=\"so-panel widget widget_sow-editor panel-first-child panel-last-child\" data-index=\"2\" ><div\n\t\t\t\n\t\t\tclass=\"so-widget-sow-editor so-widget-sow-editor-base\"\n\t\t\t\n\t\t>\n<div class=\"siteorigin-widget-tinymce textwidget\">\n\t<h2>Teaching stations<\/h2>\n<p>Teaching industrial automation in a practical way is the best method for training future engineers. To meet these needs, we present educational workstations\u2014a miniature Cartesian manipulator, a conveyor belt, and a PLC station.<\/p>\n<\/div>\n<\/div><\/div><\/div><\/div><\/div>","protected":false},"excerpt":{"rendered":"<p>Teaching stations Teaching industrial automation in a practical way is the best method for training future engineers. To meet these needs, we present educational workstations\u2014a miniature Cartesian manipulator, a conveyor belt, and a PLC station.<\/p>\n","protected":false},"author":8,"featured_media":7336,"parent":7211,"menu_order":3,"comment_status":"closed","ping_status":"closed","template":"content-offer.php","meta":{"_acf_changed":false,"footnotes":""},"class_list":["post-7379","page","type-page","status-publish","has-post-thumbnail","hentry"],"acf":[],"yoast_head":"<!-- This site is optimized with the Yoast SEO plugin v27.4 - https:\/\/yoast.com\/product\/yoast-seo-wordpress\/ -->\n<title>Teaching stations | Edu4industry<\/title>\n<meta name=\"description\" content=\"Mobile, miniature versions of devices that can be found in most manufacturing facilities.\" \/>\n<meta name=\"robots\" content=\"index, follow, max-snippet:-1, max-image-preview:large, max-video-preview:-1\" \/>\n<link rel=\"canonical\" href=\"https:\/\/edu4industry.com\/en\/industrial-automation\/teaching-stations\/\" \/>\n<meta property=\"og:locale\" content=\"en_US\" \/>\n<meta property=\"og:type\" content=\"article\" \/>\n<meta property=\"og:title\" content=\"Teaching stations | Edu4industry\" \/>\n<meta property=\"og:description\" content=\"Mobile, miniature versions of devices that can be found in most manufacturing facilities.\" \/>\n<meta property=\"og:url\" content=\"https:\/\/edu4industry.com\/en\/industrial-automation\/teaching-stations\/\" \/>\n<meta property=\"og:site_name\" content=\"Edu4industry\" \/>\n<meta property=\"article:modified_time\" content=\"2025-08-24T20:23:44+00:00\" \/>\n<meta property=\"og:image\" content=\"https:\/\/edu4industry.com\/wp-content\/uploads\/2024\/06\/Podstawowe-stanowisko-szkoleniowe-PLC-.png\" \/>\n\t<meta property=\"og:image:width\" content=\"600\" \/>\n\t<meta property=\"og:image:height\" content=\"450\" \/>\n\t<meta property=\"og:image:type\" content=\"image\/png\" \/>\n<meta name=\"twitter:card\" content=\"summary_large_image\" \/>\n<meta name=\"twitter:label1\" content=\"Est. reading time\" \/>\n\t<meta name=\"twitter:data1\" content=\"1 minute\" \/>\n<!-- \/ Yoast SEO plugin. -->","yoast_head_json":{"title":"Teaching stations | Edu4industry","description":"Mobile, miniature versions of devices that can be found in most manufacturing facilities.","robots":{"index":"index","follow":"follow","max-snippet":"max-snippet:-1","max-image-preview":"max-image-preview:large","max-video-preview":"max-video-preview:-1"},"canonical":"https:\/\/edu4industry.com\/en\/industrial-automation\/teaching-stations\/","og_locale":"en_US","og_type":"article","og_title":"Teaching stations | Edu4industry","og_description":"Mobile, miniature versions of devices that can be found in most manufacturing facilities.","og_url":"https:\/\/edu4industry.com\/en\/industrial-automation\/teaching-stations\/","og_site_name":"Edu4industry","article_modified_time":"2025-08-24T20:23:44+00:00","og_image":[{"width":600,"height":450,"url":"https:\/\/edu4industry.com\/wp-content\/uploads\/2024\/06\/Podstawowe-stanowisko-szkoleniowe-PLC-.png","type":"image\/png"}],"twitter_card":"summary_large_image","twitter_misc":{"Est. reading time":"1 minute"},"schema":{"@context":"https:\/\/schema.org","@graph":[{"@type":"WebPage","@id":"https:\/\/edu4industry.com\/en\/industrial-automation\/teaching-stations\/","url":"https:\/\/edu4industry.com\/en\/industrial-automation\/teaching-stations\/","name":"Teaching stations | Edu4industry","isPartOf":{"@id":"https:\/\/edu4industry.com\/en\/#website"},"primaryImageOfPage":{"@id":"https:\/\/edu4industry.com\/en\/industrial-automation\/teaching-stations\/#primaryimage"},"image":{"@id":"https:\/\/edu4industry.com\/en\/industrial-automation\/teaching-stations\/#primaryimage"},"thumbnailUrl":"https:\/\/edu4industry.com\/wp-content\/uploads\/2024\/06\/Podstawowe-stanowisko-szkoleniowe-PLC-.png","datePublished":"2024-06-24T06:19:54+00:00","dateModified":"2025-08-24T20:23:44+00:00","description":"Mobile, miniature versions of devices that can be found in most manufacturing facilities.","breadcrumb":{"@id":"https:\/\/edu4industry.com\/en\/industrial-automation\/teaching-stations\/#breadcrumb"},"inLanguage":"en-US","potentialAction":[{"@type":"ReadAction","target":["https:\/\/edu4industry.com\/en\/industrial-automation\/teaching-stations\/"]}]},{"@type":"ImageObject","inLanguage":"en-US","@id":"https:\/\/edu4industry.com\/en\/industrial-automation\/teaching-stations\/#primaryimage","url":"https:\/\/edu4industry.com\/wp-content\/uploads\/2024\/06\/Podstawowe-stanowisko-szkoleniowe-PLC-.png","contentUrl":"https:\/\/edu4industry.com\/wp-content\/uploads\/2024\/06\/Podstawowe-stanowisko-szkoleniowe-PLC-.png","width":600,"height":450},{"@type":"BreadcrumbList","@id":"https:\/\/edu4industry.com\/en\/industrial-automation\/teaching-stations\/#breadcrumb","itemListElement":[{"@type":"ListItem","position":1,"name":"Home","item":"https:\/\/edu4industry.com\/en\/strona-glowna\/"},{"@type":"ListItem","position":2,"name":"Industrial automation","item":"https:\/\/edu4industry.com\/en\/industrial-automation\/"},{"@type":"ListItem","position":3,"name":"Teaching stations"}]},{"@type":"WebSite","@id":"https:\/\/edu4industry.com\/en\/#website","url":"https:\/\/edu4industry.com\/en\/","name":"Edu4Industry","description":"Rozwi\u0105zania z zakresu robotyki i automatyki do szk\u00f3\u0142 i na uczelnie","potentialAction":[{"@type":"SearchAction","target":{"@type":"EntryPoint","urlTemplate":"https:\/\/edu4industry.com\/en\/?s={search_term_string}"},"query-input":{"@type":"PropertyValueSpecification","valueRequired":true,"valueName":"search_term_string"}}],"inLanguage":"en-US"}]}},"_links":{"self":[{"href":"https:\/\/edu4industry.com\/en\/wp-json\/wp\/v2\/pages\/7379","targetHints":{"allow":["GET"]}}],"collection":[{"href":"https:\/\/edu4industry.com\/en\/wp-json\/wp\/v2\/pages"}],"about":[{"href":"https:\/\/edu4industry.com\/en\/wp-json\/wp\/v2\/types\/page"}],"author":[{"embeddable":true,"href":"https:\/\/edu4industry.com\/en\/wp-json\/wp\/v2\/users\/8"}],"replies":[{"embeddable":true,"href":"https:\/\/edu4industry.com\/en\/wp-json\/wp\/v2\/comments?post=7379"}],"version-history":[{"count":12,"href":"https:\/\/edu4industry.com\/en\/wp-json\/wp\/v2\/pages\/7379\/revisions"}],"predecessor-version":[{"id":7908,"href":"https:\/\/edu4industry.com\/en\/wp-json\/wp\/v2\/pages\/7379\/revisions\/7908"}],"up":[{"embeddable":true,"href":"https:\/\/edu4industry.com\/en\/wp-json\/wp\/v2\/pages\/7211"}],"wp:featuredmedia":[{"embeddable":true,"href":"https:\/\/edu4industry.com\/en\/wp-json\/wp\/v2\/media\/7336"}],"wp:attachment":[{"href":"https:\/\/edu4industry.com\/en\/wp-json\/wp\/v2\/media?parent=7379"}],"curies":[{"name":"wp","href":"https:\/\/api.w.org\/{rel}","templated":true}]}}