{"id":7211,"date":"2024-05-22T09:08:42","date_gmt":"2024-05-22T07:08:42","guid":{"rendered":"https:\/\/edu4.codeincode.pl\/?page_id=7211"},"modified":"2025-08-24T22:23:44","modified_gmt":"2025-08-24T20:23:44","slug":"industrial-automation","status":"publish","type":"page","link":"https:\/\/edu4industry.com\/en\/industrial-automation\/","title":{"rendered":"Industrial automation"},"content":{"rendered":"<div id=\"pl-7211\"  class=\"panel-layout\" ><div id=\"pg-7211-0\"  class=\"panel-grid panel-has-style\" ><div class=\"container panel-row-style panel-row-style-for-7211-0\" id=\"product-section\" ><div id=\"pgc-7211-0-0\"  class=\"panel-grid-cell\" ><div id=\"panel-7211-0-0-0\" class=\"widget_text so-panel widget widget_custom_html panel-first-child panel-last-child\" data-index=\"0\" ><div class=\"textwidget custom-html-widget\"><a href=\"\/en\/industrial-automation\/models-of-production-lines\/\" class=\"offerbox\">\n\t<img decoding=\"async\" src=\"\/wp-content\/uploads\/2021\/11\/FMS-1.png\" alt=\"Models of production lines\" \/>\n\t<h3>Models of production lines<\/h3>\n\t<span class=\"btn black\">Check the offer<\/span>\n<\/a><\/div><\/div><\/div><div id=\"pgc-7211-0-1\"  class=\"panel-grid-cell\" ><div id=\"panel-7211-0-1-0\" class=\"widget_text so-panel widget widget_custom_html panel-first-child panel-last-child\" data-index=\"1\" ><div class=\"textwidget custom-html-widget\"><a href=\"\/en\/industrial-automation\/software\/\" class=\"offerbox\">\n\t<img decoding=\"async\" src=\"\/wp-content\/uploads\/2022\/01\/plc-lab-screenshot1.png\" alt=\"Software\" \/>\n\t<h3>Software<\/h3>\n\t<span class=\"btn black\">Check the offer<\/span>\n<\/a><\/div><\/div><\/div><div id=\"pgc-7211-0-2\"  class=\"panel-grid-cell\" ><div id=\"panel-7211-0-2-0\" class=\"widget_text so-panel widget widget_custom_html panel-first-child panel-last-child\" data-index=\"2\" ><div class=\"textwidget custom-html-widget\"><a href=\"\/en\/industrial-automation\/teaching-stations\/\" class=\"offerbox\">\n\t<img decoding=\"async\" src=\"\/wp-content\/uploads\/2024\/01\/Model-3-osiowy.png\" alt=\"Teaching stations\" \/>\n\t<h3>Teaching stations<\/h3>\n\t<span class=\"btn black\">Check the offer<\/span>\n<\/a><\/div><\/div><\/div><div id=\"pgc-7211-0-3\"  class=\"panel-grid-cell\" ><div id=\"panel-7211-0-3-0\" class=\"widget_text so-panel widget widget_custom_html panel-first-child panel-last-child\" data-index=\"3\" ><div class=\"textwidget custom-html-widget\"><a href=\"\/en\/industrial-automation\/plc-controllers-and-hmi-panels\/\" class=\"offerbox\">\n\t<img decoding=\"async\" src=\"\/wp-content\/uploads\/2020\/03\/Siemens-S7-1512C.png\" alt=\"PLC controllers and HMI panels\" \/>\n\t<h3>PLC controllers and HMI panels<\/h3>\n\t<span class=\"btn black\">Check the offer<\/span>\n<\/a><\/div><\/div><\/div><\/div><\/div><div id=\"pg-7211-1\"  class=\"panel-grid panel-has-style\" ><div class=\"container panel-row-style panel-row-style-for-7211-1\" ><div id=\"pgc-7211-1-0\"  class=\"panel-grid-cell\" ><div id=\"panel-7211-1-0-0\" class=\"so-panel widget widget_sow-image panel-first-child panel-last-child\" data-index=\"4\" ><div\n\t\t\t\n\t\t\tclass=\"so-widget-sow-image so-widget-sow-image-default-8b5b6f678277-7211\"\n\t\t\t\n\t\t>\n<div class=\"sow-image-container\">\n\t\t<img \n\tsrc=\"https:\/\/edu4industry.com\/wp-content\/uploads\/2024\/08\/Automatyka.png\" width=\"1000\" height=\"500\" srcset=\"https:\/\/edu4industry.com\/wp-content\/uploads\/2024\/08\/Automatyka.png 1000w, https:\/\/edu4industry.com\/wp-content\/uploads\/2024\/08\/Automatyka-300x150.png 300w, https:\/\/edu4industry.com\/wp-content\/uploads\/2024\/08\/Automatyka-500x250.png 500w, https:\/\/edu4industry.com\/wp-content\/uploads\/2024\/08\/Automatyka-768x384.png 768w\" sizes=\"(max-width: 1000px) 100vw, 1000px\" alt=\"\" \t\tclass=\"so-widget-image\"\/>\n\t<\/div>\n\n<\/div><\/div><\/div><div id=\"pgc-7211-1-1\"  class=\"panel-grid-cell\" ><div id=\"panel-7211-1-1-0\" class=\"so-panel widget widget_sow-editor panel-first-child panel-last-child\" data-index=\"5\" ><div\n\t\t\t\n\t\t\tclass=\"so-widget-sow-editor so-widget-sow-editor-base\"\n\t\t\t\n\t\t>\n<div class=\"siteorigin-widget-tinymce textwidget\">\n\t<h2>Why industrial automation?<\/h2>\n<p>Nowadays, increasing importance is placed on education in the field of industrial automation due to its growing significance in the industry and the related need to train skilled specialists. Industrial automation is one of the most crucial directions for the development of manufacturing enterprises. It is extremely important to encourage students to expand their skills in this area, to facilitate their entry into the job market with the proper preparation and knowledge.<\/p>\n<\/div>\n<\/div><\/div><\/div><\/div><\/div><div id=\"pg-7211-2\"  class=\"panel-grid panel-has-style\" ><div class=\"container panel-row-style panel-row-style-for-7211-2\" ><div id=\"pgc-7211-2-0\"  class=\"panel-grid-cell\" ><div id=\"panel-7211-2-0-0\" class=\"so-panel widget widget_sow-editor panel-first-child panel-last-child\" data-index=\"6\" ><div\n\t\t\t\n\t\t\tclass=\"so-widget-sow-editor so-widget-sow-editor-base\"\n\t\t\t\n\t\t>\n<div class=\"siteorigin-widget-tinymce textwidget\">\n\t<h2 style=\"text-align: right;\">Practice as the foundation of education<\/h2>\n<p style=\"text-align: right;\">The education of future automation engineers should primarily be based on practical experience. Among the industrial automation solutions offered by Edu4Industry, you will find PLC controllers and operator panels, software, and educational stations simulating real manufacturing processes. This allows knowledge to be conveyed in an easy and accessible manner on equipment that is also used by the largest manufacturing enterprises.<\/p>\n<\/div>\n<\/div><\/div><\/div><div id=\"pgc-7211-2-1\"  class=\"panel-grid-cell\" ><div id=\"panel-7211-2-1-0\" class=\"so-panel widget widget_sow-image panel-first-child panel-last-child\" data-index=\"7\" ><div\n\t\t\t\n\t\t\tclass=\"so-widget-sow-image so-widget-sow-image-default-8b5b6f678277-7211\"\n\t\t\t\n\t\t>\n<div class=\"sow-image-container\">\n\t\t<img \n\tsrc=\"https:\/\/edu4industry.com\/wp-content\/uploads\/2024\/08\/Automatyka-1.png\" width=\"1000\" height=\"500\" srcset=\"https:\/\/edu4industry.com\/wp-content\/uploads\/2024\/08\/Automatyka-1.png 1000w, https:\/\/edu4industry.com\/wp-content\/uploads\/2024\/08\/Automatyka-1-300x150.png 300w, https:\/\/edu4industry.com\/wp-content\/uploads\/2024\/08\/Automatyka-1-500x250.png 500w, https:\/\/edu4industry.com\/wp-content\/uploads\/2024\/08\/Automatyka-1-768x384.png 768w\" sizes=\"(max-width: 1000px) 100vw, 1000px\" title=\"Automatyka (1)\" alt=\"\" \t\tclass=\"so-widget-image\"\/>\n\t<\/div>\n\n<\/div><\/div><\/div><\/div><\/div><\/div>","protected":false},"excerpt":{"rendered":"<p>Why industrial automation? Nowadays, increasing importance is placed on education in the field of industrial automation due to its growing significance in the industry and the related need to train skilled specialists. Industrial automation is one of the most crucial directions for the development of manufacturing enterprises. It is extremely important to encourage students to [&hellip;]<\/p>\n","protected":false},"author":8,"featured_media":7230,"parent":0,"menu_order":10,"comment_status":"closed","ping_status":"closed","template":"content-offer.php","meta":{"_acf_changed":false,"footnotes":""},"class_list":["post-7211","page","type-page","status-publish","has-post-thumbnail","hentry"],"acf":[],"yoast_head":"<!-- This site is optimized with the Yoast SEO plugin v27.4 - https:\/\/yoast.com\/product\/yoast-seo-wordpress\/ -->\n<title>Industrial automation | Edu4industry<\/title>\n<meta name=\"description\" content=\"Industrial automation is part of the Edu4Industry offer targeted at technical schools and universities. The available solutions enable the practical learning of advanced topics \u2013 on equipment that can be found in the largest manufacturing plants.\" \/>\n<meta name=\"robots\" content=\"index, follow, max-snippet:-1, max-image-preview:large, max-video-preview:-1\" \/>\n<link rel=\"canonical\" href=\"https:\/\/edu4industry.com\/en\/industrial-automation\/\" \/>\n<meta property=\"og:locale\" content=\"en_US\" \/>\n<meta property=\"og:type\" content=\"article\" \/>\n<meta property=\"og:title\" content=\"Industrial automation | Edu4industry\" \/>\n<meta property=\"og:description\" content=\"Industrial automation is part of the Edu4Industry offer targeted at technical schools and universities. The available solutions enable the practical learning of advanced topics \u2013 on equipment that can be found in the largest manufacturing plants.\" \/>\n<meta property=\"og:url\" content=\"https:\/\/edu4industry.com\/en\/industrial-automation\/\" \/>\n<meta property=\"og:site_name\" content=\"Edu4industry\" \/>\n<meta property=\"article:modified_time\" content=\"2025-08-24T20:23:44+00:00\" \/>\n<meta property=\"og:image\" content=\"https:\/\/edu4industry.com\/wp-content\/uploads\/2024\/05\/Model-3-osiowy-kopia.webp\" \/>\n\t<meta property=\"og:image:width\" content=\"600\" \/>\n\t<meta property=\"og:image:height\" content=\"450\" \/>\n\t<meta property=\"og:image:type\" content=\"image\/webp\" \/>\n<meta name=\"twitter:card\" content=\"summary_large_image\" \/>\n<meta name=\"twitter:label1\" content=\"Est. reading time\" \/>\n\t<meta name=\"twitter:data1\" content=\"3 minutes\" \/>\n<!-- \/ Yoast SEO plugin. -->","yoast_head_json":{"title":"Industrial automation | Edu4industry","description":"Industrial automation is part of the Edu4Industry offer targeted at technical schools and universities. The available solutions enable the practical learning of advanced topics \u2013 on equipment that can be found in the largest manufacturing plants.","robots":{"index":"index","follow":"follow","max-snippet":"max-snippet:-1","max-image-preview":"max-image-preview:large","max-video-preview":"max-video-preview:-1"},"canonical":"https:\/\/edu4industry.com\/en\/industrial-automation\/","og_locale":"en_US","og_type":"article","og_title":"Industrial automation | Edu4industry","og_description":"Industrial automation is part of the Edu4Industry offer targeted at technical schools and universities. The available solutions enable the practical learning of advanced topics \u2013 on equipment that can be found in the largest manufacturing plants.","og_url":"https:\/\/edu4industry.com\/en\/industrial-automation\/","og_site_name":"Edu4industry","article_modified_time":"2025-08-24T20:23:44+00:00","og_image":[{"width":600,"height":450,"url":"https:\/\/edu4industry.com\/wp-content\/uploads\/2024\/05\/Model-3-osiowy-kopia.webp","type":"image\/webp"}],"twitter_card":"summary_large_image","twitter_misc":{"Est. reading time":"3 minutes"},"schema":{"@context":"https:\/\/schema.org","@graph":[{"@type":"WebPage","@id":"https:\/\/edu4industry.com\/en\/industrial-automation\/","url":"https:\/\/edu4industry.com\/en\/industrial-automation\/","name":"Industrial automation | Edu4industry","isPartOf":{"@id":"https:\/\/edu4industry.com\/en\/#website"},"primaryImageOfPage":{"@id":"https:\/\/edu4industry.com\/en\/industrial-automation\/#primaryimage"},"image":{"@id":"https:\/\/edu4industry.com\/en\/industrial-automation\/#primaryimage"},"thumbnailUrl":"https:\/\/edu4industry.com\/wp-content\/uploads\/2024\/05\/Model-3-osiowy-kopia.webp","datePublished":"2024-05-22T07:08:42+00:00","dateModified":"2025-08-24T20:23:44+00:00","description":"Industrial automation is part of the Edu4Industry offer targeted at technical schools and universities. The available solutions enable the practical learning of advanced topics \u2013 on equipment that can be found in the largest manufacturing plants.","breadcrumb":{"@id":"https:\/\/edu4industry.com\/en\/industrial-automation\/#breadcrumb"},"inLanguage":"en-US","potentialAction":[{"@type":"ReadAction","target":["https:\/\/edu4industry.com\/en\/industrial-automation\/"]}]},{"@type":"ImageObject","inLanguage":"en-US","@id":"https:\/\/edu4industry.com\/en\/industrial-automation\/#primaryimage","url":"https:\/\/edu4industry.com\/wp-content\/uploads\/2024\/05\/Model-3-osiowy-kopia.webp","contentUrl":"https:\/\/edu4industry.com\/wp-content\/uploads\/2024\/05\/Model-3-osiowy-kopia.webp","width":600,"height":450},{"@type":"BreadcrumbList","@id":"https:\/\/edu4industry.com\/en\/industrial-automation\/#breadcrumb","itemListElement":[{"@type":"ListItem","position":1,"name":"Home","item":"https:\/\/edu4industry.com\/en\/strona-glowna\/"},{"@type":"ListItem","position":2,"name":"Industrial automation"}]},{"@type":"WebSite","@id":"https:\/\/edu4industry.com\/en\/#website","url":"https:\/\/edu4industry.com\/en\/","name":"Edu4Industry","description":"Rozwi\u0105zania z zakresu robotyki i automatyki do szk\u00f3\u0142 i na uczelnie","potentialAction":[{"@type":"SearchAction","target":{"@type":"EntryPoint","urlTemplate":"https:\/\/edu4industry.com\/en\/?s={search_term_string}"},"query-input":{"@type":"PropertyValueSpecification","valueRequired":true,"valueName":"search_term_string"}}],"inLanguage":"en-US"}]}},"_links":{"self":[{"href":"https:\/\/edu4industry.com\/en\/wp-json\/wp\/v2\/pages\/7211","targetHints":{"allow":["GET"]}}],"collection":[{"href":"https:\/\/edu4industry.com\/en\/wp-json\/wp\/v2\/pages"}],"about":[{"href":"https:\/\/edu4industry.com\/en\/wp-json\/wp\/v2\/types\/page"}],"author":[{"embeddable":true,"href":"https:\/\/edu4industry.com\/en\/wp-json\/wp\/v2\/users\/8"}],"replies":[{"embeddable":true,"href":"https:\/\/edu4industry.com\/en\/wp-json\/wp\/v2\/comments?post=7211"}],"version-history":[{"count":14,"href":"https:\/\/edu4industry.com\/en\/wp-json\/wp\/v2\/pages\/7211\/revisions"}],"predecessor-version":[{"id":7905,"href":"https:\/\/edu4industry.com\/en\/wp-json\/wp\/v2\/pages\/7211\/revisions\/7905"}],"wp:featuredmedia":[{"embeddable":true,"href":"https:\/\/edu4industry.com\/en\/wp-json\/wp\/v2\/media\/7230"}],"wp:attachment":[{"href":"https:\/\/edu4industry.com\/en\/wp-json\/wp\/v2\/media?parent=7211"}],"curies":[{"name":"wp","href":"https:\/\/api.w.org\/{rel}","templated":true}]}}